{"id":118,"date":"2017-07-27T14:58:58","date_gmt":"2017-07-27T17:58:58","guid":{"rendered":"http:\/\/sigmacontabil.com.br\/site\/?page_id=118"},"modified":"2022-12-02T17:13:56","modified_gmt":"2022-12-02T20:13:56","slug":"servicos","status":"publish","type":"page","link":"https:\/\/sigmacontabil.com.br\/site\/servicos\/","title":{"rendered":"Servi\u00e7os"},"content":{"rendered":"[vc_row][vc_column][rev_slider_vc alias=&#8221;servicos&#8221;][\/vc_column][\/vc_row][vc_row full_width=&#8221;stretch_row&#8221; parallax=&#8221;content-moving&#8221; css=&#8221;.vc_custom_1501179654438{background-color: #003839 !important;}&#8221;][vc_column][vc_custom_heading text=&#8221;NOSSOS SERVI\u00c7OS&#8221; font_container=&#8221;tag:h1|text_align:center|color:%23ffffff&#8221; use_theme_fonts=&#8221;yes&#8221;][\/vc_column][\/vc_row][vc_row full_width=&#8221;stretch_row&#8221; full_height=&#8221;yes&#8221; parallax=&#8221;content-moving&#8221; css=&#8221;.vc_custom_1501178871661{background-color: #003839 !important;}&#8221;][vc_column width=&#8221;1\/4&#8243;][vc_custom_heading text=&#8221;CONT\u00c1BIL&#8221; font_container=&#8221;tag:h1|font_size:20px|text_align:center|color:%23ffffff&#8221; use_theme_fonts=&#8221;yes&#8221;][vc_empty_space][vc_single_image image=&#8221;247&#8243; img_size=&#8221;150&#215;150&#8243; alignment=&#8221;center&#8221; onclick=&#8221;custom_link&#8221; link=&#8221;https:\/\/sigmacontabil.com.br\/site\/contato\/&#8221;][vc_custom_heading text=&#8221;Assessoria cont\u00e1bil para empresas de pequeno, m\u00e9dio e grande porte;Elabora\u00e7\u00e3o de balan\u00e7os e demonstra\u00e7\u00f5es de resultados;Declara\u00e7\u00f5es de imposto de renda, auditorias, entre outras.&#8221; font_container=&#8221;tag:p|text_align:justify|color:%23ffffff&#8221; use_theme_fonts=&#8221;yes&#8221;][\/vc_column][vc_column width=&#8221;1\/4&#8243;][vc_custom_heading text=&#8221;TRIBUT\u00c1RIO&#8221; font_container=&#8221;tag:h1|font_size:20px|text_align:center|color:%23ffffff&#8221; use_theme_fonts=&#8221;yes&#8221;][vc_empty_space][vc_single_image image=&#8221;248&#8243; img_size=&#8221;150&#215;150&#8243; alignment=&#8221;center&#8221; onclick=&#8221;custom_link&#8221; link=&#8221;https:\/\/sigmacontabil.com.br\/site\/contato\/&#8221;][vc_custom_heading text=&#8221;Apura\u00e7\u00e3o dos impostos federais, estaduais e municipais de acordo com a tributa\u00e7\u00e3o de cada empresa (Simples, Lucro Presumido ou Lucro Real);Escritura\u00e7\u00e3o dos livros fiscais.<\/p>\n<p>&#8221; font_container=&#8221;tag:p|text_align:justify|color:%23ffffff&#8221; use_theme_fonts=&#8221;yes&#8221;][\/vc_column][vc_column width=&#8221;1\/4&#8243;][vc_custom_heading text=&#8221;FISCAL-TRABALHISTA&#8221; font_container=&#8221;tag:h1|font_size:20px|text_align:center|color:%23ffffff&#8221; use_theme_fonts=&#8221;yes&#8221;][vc_empty_space][vc_single_image image=&#8221;250&#8243; img_size=&#8221;150&#215;150&#8243; alignment=&#8221;center&#8221; onclick=&#8221;custom_link&#8221; link=&#8221;https:\/\/sigmacontabil.com.br\/site\/contato\/&#8221;][vc_custom_heading text=&#8221;Procedimentos completos de admiss\u00f5es, demiss\u00f5es e homologa\u00e7\u00f5es de funcion\u00e1rios;Simula\u00e7\u00e3o dos custos trabalhistas (CLT, aut\u00f4nomo, PJ).&#8221; font_container=&#8221;tag:p|text_align:justify|color:%23ffffff&#8221; use_theme_fonts=&#8221;yes&#8221;][vc_empty_space][vc_empty_space][\/vc_column][vc_column width=&#8221;1\/4&#8243;][vc_custom_heading text=&#8221;OUTROS SERVI\u00c7OS&#8221; font_container=&#8221;tag:h1|font_size:20px|text_align:center|color:%23ffffff&#8221; use_theme_fonts=&#8221;yes&#8221;][vc_empty_space][vc_single_image image=&#8221;249&#8243; img_size=&#8221;150&#215;150&#8243; alignment=&#8221;center&#8221; onclick=&#8221;custom_link&#8221; link=&#8221;https:\/\/sigmacontabil.com.br\/site\/contato\/&#8221;][vc_custom_heading text=&#8221;Abertura, altera\u00e7\u00f5es e encerramento de empresas;Emiss\u00e3o de certid\u00f5es, parcelamento de impostos, emiss\u00e3o de senhas e certificado digital;Elabora\u00e7\u00e3o da declara\u00e7\u00e3o do imposto de renda pessoa f\u00edsica.<\/p>\n<p>&#8221; font_container=&#8221;tag:p|text_align:justify|color:%23ffffff&#8221; use_theme_fonts=&#8221;yes&#8221;][\/vc_column][\/vc_row][vc_row][vc_column][\/vc_column][\/vc_row]\n","protected":false},"excerpt":{"rendered":"<p>[vc_row][vc_column][rev_slider_vc alias=&#8221;servicos&#8221;][\/vc_column][\/vc_row][vc_row full_width=&#8221;stretch_row&#8221; parallax=&#8221;content-moving&#8221; css=&#8221;.vc_custom_1501179654438{background-color: #003839 !important;}&#8221;][vc_column][vc_custom_heading text=&#8221;NOSSOS SERVI\u00c7OS&#8221; font_container=&#8221;tag:h1|text_align:center|color:%23ffffff&#8221; use_theme_fonts=&#8221;yes&#8221;][\/vc_column][\/vc_row][vc_row full_width=&#8221;stretch_row&#8221; full_height=&#8221;yes&#8221; parallax=&#8221;content-moving&#8221; css=&#8221;.vc_custom_1501178871661{background-color: #003839 !important;}&#8221;][vc_column width=&#8221;1\/4&#8243;][vc_custom_heading text=&#8221;CONT\u00c1BIL&#8221; font_container=&#8221;tag:h1|font_size:20px|text_align:center|color:%23ffffff&#8221; use_theme_fonts=&#8221;yes&#8221;][vc_empty_space][vc_single_image image=&#8221;247&#8243; img_size=&#8221;150&#215;150&#8243; alignment=&#8221;center&#8221; onclick=&#8221;custom_link&#8221; link=&#8221;https:\/\/sigmacontabil.com.br\/site\/contato\/&#8221;][vc_custom_heading text=&#8221;Assessoria cont\u00e1bil para empresas de pequeno, m\u00e9dio e grande porte;Elabora\u00e7\u00e3o de balan\u00e7os e demonstra\u00e7\u00f5es de resultados;Declara\u00e7\u00f5es de imposto de&#8230;<\/p>\n","protected":false},"author":1,"featured_media":0,"parent":0,"menu_order":0,"comment_status":"closed","ping_status":"closed","template":"","meta":{"footnotes":""},"class_list":["post-118","page","type-page","status-publish","hentry"],"_links":{"self":[{"href":"https:\/\/sigmacontabil.com.br\/site\/wp-json\/wp\/v2\/pages\/118","targetHints":{"allow":["GET"]}}],"collection":[{"href":"https:\/\/sigmacontabil.com.br\/site\/wp-json\/wp\/v2\/pages"}],"about":[{"href":"https:\/\/sigmacontabil.com.br\/site\/wp-json\/wp\/v2\/types\/page"}],"author":[{"embeddable":true,"href":"https:\/\/sigmacontabil.com.br\/site\/wp-json\/wp\/v2\/users\/1"}],"replies":[{"embeddable":true,"href":"https:\/\/sigmacontabil.com.br\/site\/wp-json\/wp\/v2\/comments?post=118"}],"version-history":[{"count":1,"href":"https:\/\/sigmacontabil.com.br\/site\/wp-json\/wp\/v2\/pages\/118\/revisions"}],"predecessor-version":[{"id":450,"href":"https:\/\/sigmacontabil.com.br\/site\/wp-json\/wp\/v2\/pages\/118\/revisions\/450"}],"wp:attachment":[{"href":"https:\/\/sigmacontabil.com.br\/site\/wp-json\/wp\/v2\/media?parent=118"}],"curies":[{"name":"wp","href":"https:\/\/api.w.org\/{rel}","templated":true}]}}